{"id":1033,"date":"2022-05-15T12:33:12","date_gmt":"2022-05-15T10:33:12","guid":{"rendered":"https:\/\/krone-group.com\/career\/"},"modified":"2024-09-03T10:43:16","modified_gmt":"2024-09-03T08:43:16","slug":"career","status":"publish","type":"page","link":"https:\/\/krone-group.com\/en\/career\/","title":{"rendered":"Career"},"content":{"rendered":"\n\n\t\t\t\t\t\t\t\t\t<img decoding=\"async\" src=\"https:\/\/krone-group.com\/wp-content\/uploads\/2022\/07\/Gruppe-4486.png\" alt=\"Gruppe 4486\" itemprop=\"image\" height=\"166\" width=\"147\" title=\"Gruppe 4486\" onerror=\"this.style.display='none'\"  \/>\n<h3>\n\t\tIT&#8217;S ALSO POSSIBLE TO EXPERIENCE NEW AND EXCITING THINGS WHILE SITTING AT A DESK.\n\t<\/h3>\n<h3>\n\t\tYOU CAN DEVELOP YOUR POTENTIAL &#8211; AND YOUR PERSONALITY AT THE SAME TIME.\n\t<\/h3>\n<h3>\n\t\tYOU DON&#8217;T NEED BROAD SHOULDERS TO CHECK DELIVERIES.\n\t<\/h3>\n\t<h2>HOW WOULD YOU BEST LIKE TO EMPLOY YOUR TALENTS WITH US?<\/h2>\n<krone-job-search only-brands=\"\" skip-brands=\"br\u00fcggen,lvd,br\u00fcggen oberfl\u00e4che\" only-company=\"\" api-base-url=\"https:\/\/krone-group.com\/wp-json\" detail-base-url=\"https:\/\/krone-group.com\"><\/krone-search>\n\t<style>div.job-result-wrapper a.job-result {color: #7f7f7f; } .career-placeholder { display: none; }\nform.criteria-selections div.textsearch input[type=text] {\n    padding-bottom: 9px;\n    padding-top: 8px;\n}\ndiv.details span.title {\n    font-size: 1.1em !important;\n}\n<\/style>\n\t\t\t\t<img decoding=\"async\" src=\"https:\/\/krone-group.com\/wp-content\/uploads\/2022\/05\/Group-4471-2.jpg\" alt=\"Group 4471-2\" itemprop=\"image\" height=\"1071\" width=\"1519\" title=\"Group 4471-2\" onerror=\"this.style.display='none'\"  \/>\n<h2>\n\t\t&ensp;&ensp;<b>GROW<\/b><br \/>BEYOND<br \/> &ensp;&ensp;<b>YOURSELF.<\/b>\n\t<\/h2>\n\tWe offer numerous options for further education and training, giving you the chance to successfully develop your career.<br \/>\nWith your special skill set, you can make a big impact here.\n\t\t\t<a href=\"#initiativbewerbung\" target=\"_self\" rel=\"noopener\">\n\t\t\t\t\t\t\tApply on your own initiative\n\t\t\t\t\t<\/a>\n<h2>\n\t\t<b>BENEFITS<\/b> AVAILABLE<br \/>TO YOU AT KRONE.\n\t<\/h2>\n\t\t\t\t<img decoding=\"async\" src=\"https:\/\/krone-group.com\/wp-content\/uploads\/2022\/08\/heart-pulse-solid-2.png\" alt=\"\" itemprop=\"image\" onerror=\"this.style.display='none'\"  \/>\n<h3>\n\t\tHEALTH\n\t<\/h3>\n\t<p>Your health is important to us. Depending on the chosen theme for any particular year, our company health scheme offers a variety of programmes encompassing health, sport and stress management. We have our own company doctor, deliver specialist lectures, offer different sporting activities and lease bikes on attractive terms. We operate an internal bonus system which offers financial quarterly rewards for high commitment.<\/p>\n\t\t\t\t<img decoding=\"async\" src=\"https:\/\/krone-group.com\/wp-content\/uploads\/2022\/08\/scale-balanced-solid-1.png\" alt=\"\" itemprop=\"image\" onerror=\"this.style.display='none'\"  \/>\n<h3>\n\t\tFAIRNESS\n\t<\/h3>\n\t<p>Fairness consists of give and take. In addition to providing performance-based remuneration and a company pension scheme, we also consider a proper life-work balance to be essential. Depending on your field of activity, this is reflected in a suitable work time model for you, e.g. with flexitime, work time accounts or the possibility of mobile working. This leaves you enough time for your family, leisure and relaxation.<\/p>\n\t\t\t\t<img decoding=\"async\" src=\"https:\/\/krone-group.com\/wp-content\/uploads\/2022\/08\/people-group-solid-1.png\" alt=\"\" itemprop=\"image\" onerror=\"this.style.display='none'\"  \/>\n<h3>\n\t\tNETWORKING\n\t<\/h3>\n\t<p>At KRONE, we are great believers in diversity &#8211; and not just in terms of professional qualities. Across all the various company sites, our workforce embodies the perfect mix of expertise, skills, abilities and characters. For almost any specialist area, there is the right contact person within the KRONE Group who is available for an exchange of ideas. Good networking is the basis for your personal and professional development.<\/p>\n\n","protected":false},"excerpt":{"rendered":"<p>IT&#8217;S ALSO POSSIBLE TO EXPERIENCE NEW AND EXCITING THINGS WHILE SITTING AT A DESK. YOU CAN DEVELOP YOUR POTENTIAL &#8211; AND YOUR PERSONALITY AT THE SAME TIME. YOU DON&#8217;T NEED BROAD SHOULDERS TO CHECK DELIVERIES. HOW WOULD YOU BEST LIKE TO EMPLOY YOUR TALENTS WITH US? &ensp;&ensp;GROWBEYOND &ensp;&ensp;YOURSELF. We offer numerous options for further education [&hellip;]<\/p>\n","protected":false},"author":3,"featured_media":0,"parent":0,"menu_order":0,"comment_status":"closed","ping_status":"closed","template":"","meta":{"_acf_changed":false,"inline_featured_image":false,"footnotes":""},"class_list":["post-1033","page","type-page","status-publish","hentry","wpbf-post"],"acf":[],"yoast_head":"<!-- This site is optimized with the Yoast SEO plugin v27.4 - https:\/\/yoast.com\/product\/yoast-seo-wordpress\/ -->\n<title>Your future at KRONE. Start a career at KRONE<\/title>\n<meta name=\"description\" content=\"Make a contribution and develop your skills. Apply for an apprenticeship or a managerial position, as a project manager or fitter. Become part of the team.\" \/>\n<meta name=\"robots\" content=\"index, follow, max-snippet:-1, max-image-preview:large, max-video-preview:-1\" \/>\n<link rel=\"canonical\" href=\"https:\/\/krone-group.com\/en\/career\/\" \/>\n<meta property=\"og:locale\" content=\"en_US\" \/>\n<meta property=\"og:type\" content=\"article\" \/>\n<meta property=\"og:title\" content=\"Your future at KRONE. Start a career at KRONE\" \/>\n<meta property=\"og:description\" content=\"Make a contribution and develop your skills. Apply for an apprenticeship or a managerial position, as a project manager or fitter. Become part of the team.\" \/>\n<meta property=\"og:url\" content=\"https:\/\/krone-group.com\/en\/career\/\" \/>\n<meta property=\"og:site_name\" content=\"Krone Gruppe\" \/>\n<meta property=\"article:modified_time\" content=\"2024-09-03T08:43:16+00:00\" \/>\n<meta property=\"og:image\" content=\"https:\/\/krone-group.com\/wp-content\/uploads\/2022\/07\/Gruppe-4486.png\" \/>\n<meta name=\"twitter:card\" content=\"summary_large_image\" \/>\n<meta name=\"twitter:label1\" content=\"Est. reading time\" \/>\n\t<meta name=\"twitter:data1\" content=\"4 minutes\" \/>\n<script type=\"application\/ld+json\" class=\"yoast-schema-graph\">{\"@context\":\"https:\\\/\\\/schema.org\",\"@graph\":[{\"@type\":\"WebPage\",\"@id\":\"https:\\\/\\\/krone-group.com\\\/en\\\/career\\\/\",\"url\":\"https:\\\/\\\/krone-group.com\\\/en\\\/career\\\/\",\"name\":\"Your future at KRONE. Start a career at KRONE\",\"isPartOf\":{\"@id\":\"https:\\\/\\\/krone-group.com\\\/en\\\/#website\"},\"primaryImageOfPage\":{\"@id\":\"https:\\\/\\\/krone-group.com\\\/en\\\/career\\\/#primaryimage\"},\"image\":{\"@id\":\"https:\\\/\\\/krone-group.com\\\/en\\\/career\\\/#primaryimage\"},\"thumbnailUrl\":\"https:\\\/\\\/krone-group.com\\\/wp-content\\\/uploads\\\/2022\\\/07\\\/Gruppe-4486.png\",\"datePublished\":\"2022-05-15T10:33:12+00:00\",\"dateModified\":\"2024-09-03T08:43:16+00:00\",\"description\":\"Make a contribution and develop your skills. Apply for an apprenticeship or a managerial position, as a project manager or fitter. Become part of the team.\",\"breadcrumb\":{\"@id\":\"https:\\\/\\\/krone-group.com\\\/en\\\/career\\\/#breadcrumb\"},\"inLanguage\":\"en-US\",\"potentialAction\":[{\"@type\":\"ReadAction\",\"target\":[\"https:\\\/\\\/krone-group.com\\\/en\\\/career\\\/\"]}]},{\"@type\":\"ImageObject\",\"inLanguage\":\"en-US\",\"@id\":\"https:\\\/\\\/krone-group.com\\\/en\\\/career\\\/#primaryimage\",\"url\":\"https:\\\/\\\/krone-group.com\\\/wp-content\\\/uploads\\\/2022\\\/07\\\/Gruppe-4486.png\",\"contentUrl\":\"https:\\\/\\\/krone-group.com\\\/wp-content\\\/uploads\\\/2022\\\/07\\\/Gruppe-4486.png\"},{\"@type\":\"BreadcrumbList\",\"@id\":\"https:\\\/\\\/krone-group.com\\\/en\\\/career\\\/#breadcrumb\",\"itemListElement\":[{\"@type\":\"ListItem\",\"position\":1,\"name\":\"Home\",\"item\":\"https:\\\/\\\/krone-group.com\\\/en\\\/\"},{\"@type\":\"ListItem\",\"position\":2,\"name\":\"Career\"}]},{\"@type\":\"WebSite\",\"@id\":\"https:\\\/\\\/krone-group.com\\\/en\\\/#website\",\"url\":\"https:\\\/\\\/krone-group.com\\\/en\\\/\",\"name\":\"Krone Gruppe\",\"description\":\"\",\"publisher\":{\"@id\":\"https:\\\/\\\/krone-group.com\\\/en\\\/#organization\"},\"potentialAction\":[{\"@type\":\"SearchAction\",\"target\":{\"@type\":\"EntryPoint\",\"urlTemplate\":\"https:\\\/\\\/krone-group.com\\\/en\\\/?s={search_term_string}\"},\"query-input\":{\"@type\":\"PropertyValueSpecification\",\"valueRequired\":true,\"valueName\":\"search_term_string\"}}],\"inLanguage\":\"en-US\"},{\"@type\":\"Organization\",\"@id\":\"https:\\\/\\\/krone-group.com\\\/en\\\/#organization\",\"name\":\"Krone Gruppe\",\"url\":\"https:\\\/\\\/krone-group.com\\\/en\\\/\",\"logo\":{\"@type\":\"ImageObject\",\"inLanguage\":\"en-US\",\"@id\":\"https:\\\/\\\/krone-group.com\\\/en\\\/#\\\/schema\\\/logo\\\/image\\\/\",\"url\":\"https:\\\/\\\/krone-group.com\\\/wp-content\\\/uploads\\\/2022\\\/04\\\/KRONE_GROUP_white.png\",\"contentUrl\":\"https:\\\/\\\/krone-group.com\\\/wp-content\\\/uploads\\\/2022\\\/04\\\/KRONE_GROUP_white.png\",\"width\":1988,\"height\":182,\"caption\":\"Krone Gruppe\"},\"image\":{\"@id\":\"https:\\\/\\\/krone-group.com\\\/en\\\/#\\\/schema\\\/logo\\\/image\\\/\"}}]}<\/script>\n<!-- \/ Yoast SEO plugin. -->","yoast_head_json":{"title":"Your future at KRONE. Start a career at KRONE","description":"Make a contribution and develop your skills. Apply for an apprenticeship or a managerial position, as a project manager or fitter. Become part of the team.","robots":{"index":"index","follow":"follow","max-snippet":"max-snippet:-1","max-image-preview":"max-image-preview:large","max-video-preview":"max-video-preview:-1"},"canonical":"https:\/\/krone-group.com\/en\/career\/","og_locale":"en_US","og_type":"article","og_title":"Your future at KRONE. Start a career at KRONE","og_description":"Make a contribution and develop your skills. Apply for an apprenticeship or a managerial position, as a project manager or fitter. Become part of the team.","og_url":"https:\/\/krone-group.com\/en\/career\/","og_site_name":"Krone Gruppe","article_modified_time":"2024-09-03T08:43:16+00:00","og_image":[{"url":"https:\/\/krone-group.com\/wp-content\/uploads\/2022\/07\/Gruppe-4486.png","type":"","width":"","height":""}],"twitter_card":"summary_large_image","twitter_misc":{"Est. reading time":"4 minutes"},"schema":{"@context":"https:\/\/schema.org","@graph":[{"@type":"WebPage","@id":"https:\/\/krone-group.com\/en\/career\/","url":"https:\/\/krone-group.com\/en\/career\/","name":"Your future at KRONE. Start a career at KRONE","isPartOf":{"@id":"https:\/\/krone-group.com\/en\/#website"},"primaryImageOfPage":{"@id":"https:\/\/krone-group.com\/en\/career\/#primaryimage"},"image":{"@id":"https:\/\/krone-group.com\/en\/career\/#primaryimage"},"thumbnailUrl":"https:\/\/krone-group.com\/wp-content\/uploads\/2022\/07\/Gruppe-4486.png","datePublished":"2022-05-15T10:33:12+00:00","dateModified":"2024-09-03T08:43:16+00:00","description":"Make a contribution and develop your skills. Apply for an apprenticeship or a managerial position, as a project manager or fitter. Become part of the team.","breadcrumb":{"@id":"https:\/\/krone-group.com\/en\/career\/#breadcrumb"},"inLanguage":"en-US","potentialAction":[{"@type":"ReadAction","target":["https:\/\/krone-group.com\/en\/career\/"]}]},{"@type":"ImageObject","inLanguage":"en-US","@id":"https:\/\/krone-group.com\/en\/career\/#primaryimage","url":"https:\/\/krone-group.com\/wp-content\/uploads\/2022\/07\/Gruppe-4486.png","contentUrl":"https:\/\/krone-group.com\/wp-content\/uploads\/2022\/07\/Gruppe-4486.png"},{"@type":"BreadcrumbList","@id":"https:\/\/krone-group.com\/en\/career\/#breadcrumb","itemListElement":[{"@type":"ListItem","position":1,"name":"Home","item":"https:\/\/krone-group.com\/en\/"},{"@type":"ListItem","position":2,"name":"Career"}]},{"@type":"WebSite","@id":"https:\/\/krone-group.com\/en\/#website","url":"https:\/\/krone-group.com\/en\/","name":"Krone Gruppe","description":"","publisher":{"@id":"https:\/\/krone-group.com\/en\/#organization"},"potentialAction":[{"@type":"SearchAction","target":{"@type":"EntryPoint","urlTemplate":"https:\/\/krone-group.com\/en\/?s={search_term_string}"},"query-input":{"@type":"PropertyValueSpecification","valueRequired":true,"valueName":"search_term_string"}}],"inLanguage":"en-US"},{"@type":"Organization","@id":"https:\/\/krone-group.com\/en\/#organization","name":"Krone Gruppe","url":"https:\/\/krone-group.com\/en\/","logo":{"@type":"ImageObject","inLanguage":"en-US","@id":"https:\/\/krone-group.com\/en\/#\/schema\/logo\/image\/","url":"https:\/\/krone-group.com\/wp-content\/uploads\/2022\/04\/KRONE_GROUP_white.png","contentUrl":"https:\/\/krone-group.com\/wp-content\/uploads\/2022\/04\/KRONE_GROUP_white.png","width":1988,"height":182,"caption":"Krone Gruppe"},"image":{"@id":"https:\/\/krone-group.com\/en\/#\/schema\/logo\/image\/"}}]}},"_links":{"self":[{"href":"https:\/\/krone-group.com\/en\/wp-json\/wp\/v2\/pages\/1033","targetHints":{"allow":["GET"]}}],"collection":[{"href":"https:\/\/krone-group.com\/en\/wp-json\/wp\/v2\/pages"}],"about":[{"href":"https:\/\/krone-group.com\/en\/wp-json\/wp\/v2\/types\/page"}],"author":[{"embeddable":true,"href":"https:\/\/krone-group.com\/en\/wp-json\/wp\/v2\/users\/3"}],"replies":[{"embeddable":true,"href":"https:\/\/krone-group.com\/en\/wp-json\/wp\/v2\/comments?post=1033"}],"version-history":[{"count":10,"href":"https:\/\/krone-group.com\/en\/wp-json\/wp\/v2\/pages\/1033\/revisions"}],"predecessor-version":[{"id":3993,"href":"https:\/\/krone-group.com\/en\/wp-json\/wp\/v2\/pages\/1033\/revisions\/3993"}],"wp:attachment":[{"href":"https:\/\/krone-group.com\/en\/wp-json\/wp\/v2\/media?parent=1033"}],"curies":[{"name":"wp","href":"https:\/\/api.w.org\/{rel}","templated":true}]}}